{"id":7928,"date":"2026-04-24T18:14:45","date_gmt":"2026-04-24T16:14:45","guid":{"rendered":"https:\/\/vikileriarevive.com\/?post_type=product&#038;p=7928"},"modified":"2026-04-24T18:15:10","modified_gmt":"2026-04-24T16:15:10","slug":"creative-sewing-and-pattern-making-course-vikileria-method-individual-4-classes-month-copia","status":"publish","type":"product","link":"https:\/\/vikileriarevive.com\/en\/producto\/creative-sewing-and-pattern-making-course-vikileria-method-individual-4-classes-month-copia\/","title":{"rendered":"Creative Sewing and Pattern Making Course &#8211; Vikileria Method: Individual (4 classes\/month) (copia)"},"content":{"rendered":"\r\n<h1><span style=\"font-size: xx-large;\"><b>Curso de Costura &amp; Patronaje Creativo en Madrid con el M\u00e9todo Vikileria: Individual\u00a0<\/b><\/span><\/h1>\r\n<p>Aprende a coser desde cero con clases pr\u00e1cticas y acompa\u00f1amiento cercano.\u00a0<\/p>\r\n<p>Curso ideal para Adultos y Ni\u00f1os\/as a partir de 11 a\u00f1os que quieren aprender costura y patronaje sin aburrirte: un m\u00e9todo \u00fanico Vikileria para aprender y disfrutar creando tu estilo \u00fanico. A lo largo de las clases, aprender\u00e1s a manejar la m\u00e1quina de coser, tomar medidas, hacer patrones b\u00e1sicos y confeccionar tus propias prendas.\u00a0<\/p>\r\n<p>Se trabaja en grupo pero cada persona sigue su propio ritmo, con el apoyo de una profesora. No se necesita experiencia previa: solo ganas de aprender y crear.<\/p>\r\n<p><strong>Incluye:<\/strong><\/p>\r\n<ul class=\"wp-block-list\">&#13;\n<li>4 classes per month, 1.5 hours long each class<\/li>&#13;\n\r\n\r\n&#13;\n<li>Learn sewing and creative pattern making with Vikileria&#8217;s unique method to create your own garments.<\/li>&#13;\n<li>Practical projects such as skirts, t-shirts, pants, dresses, etc.<\/li>&#13;\n\r\n\r\n\r\n\r\n&#13;\n<li>Access to Modern Space<\/li>&#13;\n\r\n\r\n&#13;\n<li>Access to state-of-the-art tools<\/li>&#13;\n<li>Option to display your garments at our Pop Up events<\/li>&#13;\n<\/ul>\r\n<p>Una forma accesible y divertida de iniciarse en el mundo de la costura. <strong>\u00a1Reserva tu plaza y empieza a crear tus propias prendas!<\/strong><\/p>\r\n","protected":false},"excerpt":{"rendered":"<p>Monthly group course in Creative Sewing and Pattern Making. Learn sewing and pattern making techniques from scratch with a unique method in Las Tablas, Madrid, without getting bored. Classes for adults and children.   <\/p>\n","protected":false},"featured_media":6960,"comment_status":"open","ping_status":"closed","template":"","meta":[],"product_brand":[],"product_cat":[359],"product_tag":[367],"class_list":{"0":"post-7928","1":"product","2":"type-product","3":"status-publish","4":"has-post-thumbnail","6":"product_cat-suscripcion-2026","7":"product_tag-cursos-regulares","9":"first","10":"instock","11":"shipping-taxable","12":"purchasable","13":"product-type-subscription"},"yoast_head":"<!-- This site is optimized with the Yoast SEO plugin v27.1.1 - https:\/\/yoast.com\/product\/yoast-seo-wordpress\/ -->\n<title>Creative Sewing and Pattern Making Course - Vikileria Method: Individual (4 classes\/month) (copia) - Vikileria Revive - Sewing Club<\/title>\n<meta name=\"description\" content=\"Learn to sew in Las Tablas, Madrid. Creative Sewing and Pattern Making Course for Adults and Children. Small groups, practical projects and Vikileria&#039;s own method.\" \/>\n<meta name=\"robots\" content=\"index, follow, max-snippet:-1, max-image-preview:large, max-video-preview:-1\" \/>\n<link rel=\"canonical\" href=\"https:\/\/vikileriarevive.com\/en\/producto\/creative-sewing-and-pattern-making-course-vikileria-method-individual-4-classes-month-copia\/\" \/>\n<meta property=\"og:locale\" content=\"en_US\" \/>\n<meta property=\"og:type\" content=\"article\" \/>\n<meta property=\"og:title\" content=\"Learn to sew from scratch in Las Tablas, Madrid\" \/>\n<meta property=\"og:description\" content=\"Would you like to learn to sew in a simple and practical way? Sign up for our group Sewing &amp; Pattern Making Course, ideal for adults and children aged 11 and up. Location: Las Tablas, Madrid; Duration: 4 classes\/month of 1.5 hours each; Only 69 Euros\/month, practical projects and tools included. Reserve your spot and start creating your own clothes! https:\/\/vikileriarevive.com\/suscripcion-talleres-de-costura-en-madrid\/\" \/>\n<meta property=\"og:url\" content=\"https:\/\/vikileriarevive.com\/en\/producto\/creative-sewing-and-pattern-making-course-vikileria-method-individual-4-classes-month-copia\/\" \/>\n<meta property=\"og:site_name\" content=\"Vikileria Revive - Sewing Club\" \/>\n<meta property=\"article:publisher\" content=\"https:\/\/www.facebook.com\/Vikileria\/?show_switched_toast=0&amp;show_invite_to_follow=0&amp;show_switched_tooltip=0&amp;show_podcast_settings=0&amp;show_community_review_changes=0&amp;show_community_rollback=0&amp;show_follower_visibility_disclosure=0\" \/>\n<meta property=\"article:modified_time\" content=\"2026-04-24T16:15:10+00:00\" \/>\n<meta property=\"og:image\" content=\"https:\/\/vikileriarevive.com\/wp-content\/uploads\/2023\/09\/Talleres-1.jpg\" \/>\n\t<meta property=\"og:image:width\" content=\"1200\" \/>\n\t<meta property=\"og:image:height\" content=\"1600\" \/>\n\t<meta property=\"og:image:type\" content=\"image\/jpeg\" \/>\n<meta name=\"twitter:card\" content=\"summary_large_image\" \/>\n<meta name=\"twitter:label1\" content=\"Est. reading time\" \/>\n\t<meta name=\"twitter:data1\" content=\"2 minutes\" \/>\n<script type=\"application\/ld+json\" class=\"yoast-schema-graph\">{\"@context\":\"https:\/\/schema.org\",\"@graph\":[{\"@type\":\"WebPage\",\"@id\":\"https:\/\/vikileriarevive.com\/en\/producto\/creative-sewing-and-pattern-making-course-vikileria-method-individual-4-classes-month-copia\/\",\"url\":\"https:\/\/vikileriarevive.com\/en\/producto\/creative-sewing-and-pattern-making-course-vikileria-method-individual-4-classes-month-copia\/\",\"name\":\"Creative Sewing and Pattern Making Course - Vikileria Method: Individual (4 classes\/month) (copia) - Vikileria Revive - Sewing Club\",\"isPartOf\":{\"@id\":\"https:\/\/vikileriarevive.com\/en\/#website\"},\"primaryImageOfPage\":{\"@id\":\"https:\/\/vikileriarevive.com\/en\/producto\/creative-sewing-and-pattern-making-course-vikileria-method-individual-4-classes-month-copia\/#primaryimage\"},\"image\":{\"@id\":\"https:\/\/vikileriarevive.com\/en\/producto\/creative-sewing-and-pattern-making-course-vikileria-method-individual-4-classes-month-copia\/#primaryimage\"},\"thumbnailUrl\":\"https:\/\/vikileriarevive.com\/wp-content\/uploads\/2023\/09\/Talleres-1.jpg\",\"datePublished\":\"2026-04-24T16:14:45+00:00\",\"dateModified\":\"2026-04-24T16:15:10+00:00\",\"description\":\"Learn to sew in Las Tablas, Madrid. Creative Sewing and Pattern Making Course for Adults and Children. Small groups, practical projects and Vikileria's own method.\",\"breadcrumb\":{\"@id\":\"https:\/\/vikileriarevive.com\/en\/producto\/creative-sewing-and-pattern-making-course-vikileria-method-individual-4-classes-month-copia\/#breadcrumb\"},\"inLanguage\":\"en-US\",\"potentialAction\":[{\"@type\":\"ReadAction\",\"target\":[\"https:\/\/vikileriarevive.com\/en\/producto\/creative-sewing-and-pattern-making-course-vikileria-method-individual-4-classes-month-copia\/\"]}]},{\"@type\":\"ImageObject\",\"inLanguage\":\"en-US\",\"@id\":\"https:\/\/vikileriarevive.com\/en\/producto\/creative-sewing-and-pattern-making-course-vikileria-method-individual-4-classes-month-copia\/#primaryimage\",\"url\":\"https:\/\/vikileriarevive.com\/wp-content\/uploads\/2023\/09\/Talleres-1.jpg\",\"contentUrl\":\"https:\/\/vikileriarevive.com\/wp-content\/uploads\/2023\/09\/Talleres-1.jpg\",\"width\":1200,\"height\":1600,\"caption\":\"Patronaje a Medida en Madrid\"},{\"@type\":\"BreadcrumbList\",\"@id\":\"https:\/\/vikileriarevive.com\/en\/producto\/creative-sewing-and-pattern-making-course-vikileria-method-individual-4-classes-month-copia\/#breadcrumb\",\"itemListElement\":[{\"@type\":\"ListItem\",\"position\":1,\"name\":\"Portada\",\"item\":\"https:\/\/vikileriarevive.com\/en\/home\/\"},{\"@type\":\"ListItem\",\"position\":2,\"name\":\"Subscribe\",\"item\":\"https:\/\/vikileriarevive.com\/en\/subscribe\/\"},{\"@type\":\"ListItem\",\"position\":3,\"name\":\"Creative Sewing and Pattern Making Course &#8211; Vikileria Method: Individual (4 classes\/month) (copia)\"}]},{\"@type\":\"WebSite\",\"@id\":\"https:\/\/vikileriarevive.com\/en\/#website\",\"url\":\"https:\/\/vikileriarevive.com\/en\/\",\"name\":\"Vikileria Revive - Sewing Club\",\"description\":\"Transformaci\u00f3n &amp; Redise\u00f1o Creativo de Ropa en Madrid\",\"publisher\":{\"@id\":\"https:\/\/vikileriarevive.com\/en\/#\/schema\/person\/c0495cbfe4882f94379ee932b11281a0\"},\"potentialAction\":[{\"@type\":\"SearchAction\",\"target\":{\"@type\":\"EntryPoint\",\"urlTemplate\":\"https:\/\/vikileriarevive.com\/en\/?s={search_term_string}\"},\"query-input\":{\"@type\":\"PropertyValueSpecification\",\"valueRequired\":true,\"valueName\":\"search_term_string\"}}],\"inLanguage\":\"en-US\"},{\"@type\":[\"Person\",\"Organization\"],\"@id\":\"https:\/\/vikileriarevive.com\/en\/#\/schema\/person\/c0495cbfe4882f94379ee932b11281a0\",\"name\":\"Valeria Orlova\",\"image\":{\"@type\":\"ImageObject\",\"inLanguage\":\"en-US\",\"@id\":\"https:\/\/vikileriarevive.com\/en\/#\/schema\/person\/image\/\",\"url\":\"https:\/\/vikileriarevive.com\/wp-content\/uploads\/2025\/01\/cropped-Logo-Transparente.png\",\"contentUrl\":\"https:\/\/vikileriarevive.com\/wp-content\/uploads\/2025\/01\/cropped-Logo-Transparente.png\",\"width\":274,\"height\":219,\"caption\":\"Valeria Orlova\"},\"logo\":{\"@id\":\"https:\/\/vikileriarevive.com\/en\/#\/schema\/person\/image\/\"},\"sameAs\":[\"https:\/\/vikileriarevive.com\",\"https:\/\/www.facebook.com\/Vikileria\/?show_switched_toast=0&show_invite_to_follow=0&show_switched_tooltip=0&show_podcast_settings=0&show_community_review_changes=0&show_community_rollback=0&show_follower_visibility_disclosure=0\",\"https:\/\/www.instagram.com\/vikileria_revive\/\",\"https:\/\/www.linkedin.com\/in\/valeria-orlova-55353a77\/\"]}]}<\/script>\n<!-- \/ Yoast SEO plugin. -->","yoast_head_json":{"title":"Creative Sewing and Pattern Making Course - Vikileria Method: Individual (4 classes\/month) (copia) - Vikileria Revive - Sewing Club","description":"Learn to sew in Las Tablas, Madrid. Creative Sewing and Pattern Making Course for Adults and Children. Small groups, practical projects and Vikileria's own method.","robots":{"index":"index","follow":"follow","max-snippet":"max-snippet:-1","max-image-preview":"max-image-preview:large","max-video-preview":"max-video-preview:-1"},"canonical":"https:\/\/vikileriarevive.com\/en\/producto\/creative-sewing-and-pattern-making-course-vikileria-method-individual-4-classes-month-copia\/","og_locale":"en_US","og_type":"article","og_title":"Learn to sew from scratch in Las Tablas, Madrid","og_description":"Would you like to learn to sew in a simple and practical way? Sign up for our group Sewing & Pattern Making Course, ideal for adults and children aged 11 and up. Location: Las Tablas, Madrid; Duration: 4 classes\/month of 1.5 hours each; Only 69 Euros\/month, practical projects and tools included. Reserve your spot and start creating your own clothes! https:\/\/vikileriarevive.com\/suscripcion-talleres-de-costura-en-madrid\/","og_url":"https:\/\/vikileriarevive.com\/en\/producto\/creative-sewing-and-pattern-making-course-vikileria-method-individual-4-classes-month-copia\/","og_site_name":"Vikileria Revive - Sewing Club","article_publisher":"https:\/\/www.facebook.com\/Vikileria\/?show_switched_toast=0&show_invite_to_follow=0&show_switched_tooltip=0&show_podcast_settings=0&show_community_review_changes=0&show_community_rollback=0&show_follower_visibility_disclosure=0","article_modified_time":"2026-04-24T16:15:10+00:00","og_image":[{"width":1200,"height":1600,"url":"https:\/\/vikileriarevive.com\/wp-content\/uploads\/2023\/09\/Talleres-1.jpg","type":"image\/jpeg"}],"twitter_card":"summary_large_image","twitter_misc":{"Est. reading time":"2 minutes"},"schema":{"@context":"https:\/\/schema.org","@graph":[{"@type":"WebPage","@id":"https:\/\/vikileriarevive.com\/en\/producto\/creative-sewing-and-pattern-making-course-vikileria-method-individual-4-classes-month-copia\/","url":"https:\/\/vikileriarevive.com\/en\/producto\/creative-sewing-and-pattern-making-course-vikileria-method-individual-4-classes-month-copia\/","name":"Creative Sewing and Pattern Making Course - Vikileria Method: Individual (4 classes\/month) (copia) - Vikileria Revive - Sewing Club","isPartOf":{"@id":"https:\/\/vikileriarevive.com\/en\/#website"},"primaryImageOfPage":{"@id":"https:\/\/vikileriarevive.com\/en\/producto\/creative-sewing-and-pattern-making-course-vikileria-method-individual-4-classes-month-copia\/#primaryimage"},"image":{"@id":"https:\/\/vikileriarevive.com\/en\/producto\/creative-sewing-and-pattern-making-course-vikileria-method-individual-4-classes-month-copia\/#primaryimage"},"thumbnailUrl":"https:\/\/vikileriarevive.com\/wp-content\/uploads\/2023\/09\/Talleres-1.jpg","datePublished":"2026-04-24T16:14:45+00:00","dateModified":"2026-04-24T16:15:10+00:00","description":"Learn to sew in Las Tablas, Madrid. Creative Sewing and Pattern Making Course for Adults and Children. Small groups, practical projects and Vikileria's own method.","breadcrumb":{"@id":"https:\/\/vikileriarevive.com\/en\/producto\/creative-sewing-and-pattern-making-course-vikileria-method-individual-4-classes-month-copia\/#breadcrumb"},"inLanguage":"en-US","potentialAction":[{"@type":"ReadAction","target":["https:\/\/vikileriarevive.com\/en\/producto\/creative-sewing-and-pattern-making-course-vikileria-method-individual-4-classes-month-copia\/"]}]},{"@type":"ImageObject","inLanguage":"en-US","@id":"https:\/\/vikileriarevive.com\/en\/producto\/creative-sewing-and-pattern-making-course-vikileria-method-individual-4-classes-month-copia\/#primaryimage","url":"https:\/\/vikileriarevive.com\/wp-content\/uploads\/2023\/09\/Talleres-1.jpg","contentUrl":"https:\/\/vikileriarevive.com\/wp-content\/uploads\/2023\/09\/Talleres-1.jpg","width":1200,"height":1600,"caption":"Patronaje a Medida en Madrid"},{"@type":"BreadcrumbList","@id":"https:\/\/vikileriarevive.com\/en\/producto\/creative-sewing-and-pattern-making-course-vikileria-method-individual-4-classes-month-copia\/#breadcrumb","itemListElement":[{"@type":"ListItem","position":1,"name":"Portada","item":"https:\/\/vikileriarevive.com\/en\/home\/"},{"@type":"ListItem","position":2,"name":"Subscribe","item":"https:\/\/vikileriarevive.com\/en\/subscribe\/"},{"@type":"ListItem","position":3,"name":"Creative Sewing and Pattern Making Course &#8211; Vikileria Method: Individual (4 classes\/month) (copia)"}]},{"@type":"WebSite","@id":"https:\/\/vikileriarevive.com\/en\/#website","url":"https:\/\/vikileriarevive.com\/en\/","name":"Vikileria Revive - Sewing Club","description":"Transformaci\u00f3n &amp; Redise\u00f1o Creativo de Ropa en Madrid","publisher":{"@id":"https:\/\/vikileriarevive.com\/en\/#\/schema\/person\/c0495cbfe4882f94379ee932b11281a0"},"potentialAction":[{"@type":"SearchAction","target":{"@type":"EntryPoint","urlTemplate":"https:\/\/vikileriarevive.com\/en\/?s={search_term_string}"},"query-input":{"@type":"PropertyValueSpecification","valueRequired":true,"valueName":"search_term_string"}}],"inLanguage":"en-US"},{"@type":["Person","Organization"],"@id":"https:\/\/vikileriarevive.com\/en\/#\/schema\/person\/c0495cbfe4882f94379ee932b11281a0","name":"Valeria Orlova","image":{"@type":"ImageObject","inLanguage":"en-US","@id":"https:\/\/vikileriarevive.com\/en\/#\/schema\/person\/image\/","url":"https:\/\/vikileriarevive.com\/wp-content\/uploads\/2025\/01\/cropped-Logo-Transparente.png","contentUrl":"https:\/\/vikileriarevive.com\/wp-content\/uploads\/2025\/01\/cropped-Logo-Transparente.png","width":274,"height":219,"caption":"Valeria Orlova"},"logo":{"@id":"https:\/\/vikileriarevive.com\/en\/#\/schema\/person\/image\/"},"sameAs":["https:\/\/vikileriarevive.com","https:\/\/www.facebook.com\/Vikileria\/?show_switched_toast=0&show_invite_to_follow=0&show_switched_tooltip=0&show_podcast_settings=0&show_community_review_changes=0&show_community_rollback=0&show_follower_visibility_disclosure=0","https:\/\/www.instagram.com\/vikileria_revive\/","https:\/\/www.linkedin.com\/in\/valeria-orlova-55353a77\/"]}]}},"jetpack_sharing_enabled":true,"amp_enabled":false,"_links":{"self":[{"href":"https:\/\/vikileriarevive.com\/en\/wp-json\/wp\/v2\/product\/7928","targetHints":{"allow":["GET"]}}],"collection":[{"href":"https:\/\/vikileriarevive.com\/en\/wp-json\/wp\/v2\/product"}],"about":[{"href":"https:\/\/vikileriarevive.com\/en\/wp-json\/wp\/v2\/types\/product"}],"replies":[{"embeddable":true,"href":"https:\/\/vikileriarevive.com\/en\/wp-json\/wp\/v2\/comments?post=7928"}],"wp:featuredmedia":[{"embeddable":true,"href":"https:\/\/vikileriarevive.com\/en\/wp-json\/wp\/v2\/media\/6960"}],"wp:attachment":[{"href":"https:\/\/vikileriarevive.com\/en\/wp-json\/wp\/v2\/media?parent=7928"}],"wp:term":[{"taxonomy":"product_brand","embeddable":true,"href":"https:\/\/vikileriarevive.com\/en\/wp-json\/wp\/v2\/product_brand?post=7928"},{"taxonomy":"product_cat","embeddable":true,"href":"https:\/\/vikileriarevive.com\/en\/wp-json\/wp\/v2\/product_cat?post=7928"},{"taxonomy":"product_tag","embeddable":true,"href":"https:\/\/vikileriarevive.com\/en\/wp-json\/wp\/v2\/product_tag?post=7928"}],"curies":[{"name":"wp","href":"https:\/\/api.w.org\/{rel}","templated":true}]}}