{"id":7046,"date":"2025-09-16T13:38:53","date_gmt":"2025-09-16T11:38:53","guid":{"rendered":"https:\/\/vikileriarevive.com\/terminos-y-condiciones\/"},"modified":"2025-09-16T13:38:53","modified_gmt":"2025-09-16T11:38:53","slug":"terminos-y-condiciones","status":"publish","type":"page","link":"https:\/\/vikileriarevive.com\/en\/terminos-y-condiciones\/","title":{"rendered":"T\u00e9rminos y Condiciones"},"content":{"rendered":"\t\t<div data-elementor-type=\"wp-page\" data-elementor-id=\"7046\" class=\"elementor elementor-7046 elementor-6114\" data-elementor-post-type=\"page\">\n\t\t\t\t<div class=\"elementor-element elementor-element-c9855ac e-flex e-con-boxed e-con e-parent\" data-id=\"c9855ac\" data-element_type=\"container\" data-e-type=\"container\">\n\t\t\t\t\t<div class=\"e-con-inner\">\n\t\t\t\t<div class=\"elementor-element elementor-element-a387c98 elementor-widget elementor-widget-text-editor\" data-id=\"a387c98\" data-element_type=\"widget\" data-e-type=\"widget\" data-widget_type=\"text-editor.default\">\n\t\t\t\t<div class=\"elementor-widget-container\">\n\t\t\t\t\t\t\t\t\t<p>Qui\u00e9nes somos<br \/>La direcci\u00f3n de nuestra web es: https:\/\/vikileriarevive.com\/<\/p><p>Condiciones Generales de venta Tienda Vikileria Revive<\/p><p>0. OBJETO<\/p><p>Las presentes Condiciones Generales regulan la adquisici\u00f3n de los productos ofertados en el sitio web vikileriarevive.com, del que es titular VALERIA ORLOVA (en adelante, Vikileria Revive).<\/p><p>La adquisici\u00f3n de cualquiera de los productos conlleva la aceptaci\u00f3n plena y sin reservas de todas y cada una de las Condiciones Generales que se indican, sin perjuicio de la aceptaci\u00f3n de las Condiciones Particulares que pudieran ser de aplicaci\u00f3n al adquirir determinados productos.<\/p><p>Estas Condiciones Generales podr\u00e1n ser modificadas sin notificaci\u00f3n previa, por tanto, es recomendable leer atentamente su contenido antes de proceder a la adquisici\u00f3n de cualquiera de los productos ofertados.<\/p><p>1. IDENTIFICACI\u00d3N<\/p><p>Vikileria Revive, en cumplimiento de la Ley 34\/2002, de 11 de julio, de Servicios de la Sociedad de la Informaci\u00f3n y de Comercio Electr\u00f3nico, le informa de que:<\/p><p>Su denominaci\u00f3n social es: VALERIA ORLOVA<br \/>Su nombre comercial es: Vikileria Revive<\/p><p>Identidad VALERIA ORLOVA<\/p><p>Domicilio C\/Fromista 3B, Las Tablas, Madrid, 28050<\/p><p>N.I.F. 60030227C<\/p><p>Tel\u00e9fono +34 619 978 629<\/p><p>Email lera929@gmail.com<\/p><p>Delegado de Protecci\u00f3n de Datos: dpo@vikileriarevive.com<\/p><p>Est\u00e1 inscrita en el Registro Mercantil de Madrid.<\/p><p>2. COMUNICACIONES<\/p><p>Para comunicarse con nosotros, ponemos a su disposici\u00f3n diferentes medios de contacto que detallamos a continuaci\u00f3n:<\/p><p>Enviando un correo electr\u00f3nico a lera929@gmail.com<br \/>Tel\u00e9fono +34 619 978 629<br \/>Todas las notificaciones y comunicaciones entre los usuarios y Vikileria Revive se considerar\u00e1n eficaces, a todos los efectos, cuando se realicen a trav\u00e9s de cualquier medio de los detallados anteriormente.<\/p><p>3. PRODUCTOS<\/p><p>Los productos ofertados, junto con las caracter\u00edsticas principales de los mismos y su precio, aparecen en nuestra web.<\/p><p>Vikileria Revive se reserva el derecho de decidir, en cada momento, los productos y\/o servicios que se ofrecen a los Clientes. De este modo, Vikileria Revive podr\u00e1, en cualquier momento, a\u00f1adir nuevos productos y\/o servicios a los ofertados actualmente. Asimismo, Vikileria Revive se reserva el derecho a retirar o dejar de ofrecer, en cualquier momento, y sin previo aviso, cualesquiera de los productos ofrecidos.<\/p><p>Todo ello sin perjuicio de que la adquisici\u00f3n de alguno de los productos s\u00f3lo podr\u00e1 hacerse mediante la suscripci\u00f3n o registro del USUARIO, otorgando por parte de Vikileria Revive al interesado un nombre de Usuario y una contrase\u00f1a, los cuales le identificar\u00e1n y habilitar\u00e1n personalmente para poder tener acceso a los productos.<\/p><p>Una vez dentro de www.vikileriarevive.com, y para acceder a la contrataci\u00f3n de los distintos productos, el Usuario deber\u00e1 seguir todas las instrucciones indicadas en el proceso de compra, lo cual supondr\u00e1 la lectura y aceptaci\u00f3n de todas las condiciones generales y particulares fijadas en www.vikileriarevive.com.<\/p><p>OBSERVACIONES<\/p><p>Las ofertas presentadas por www.vikileriarevive.com son v\u00e1lidas dentro del l\u00edmite de las existencias disponibles. Vikileria Revive se reserva el derecho de modificar el surtido de productos en funci\u00f3n de las dificultades impuestas por sus proveedores.<\/p><p>El producto adquirido podr\u00e1 sufrir, por disponibilidad del fabricante, modificaciones no sustanciales en los componentes, caracter\u00edsticas o prestaciones del lote que lo integren, siempre y cuando no supongan un dem\u00e9rito de las calidades y prestaciones publicitadas. Del mismo modo, estas informaciones pueden contener inexactitudes o errores tipogr\u00e1ficos, que pueden cambiarse, corregirse o suprimirse en cualquier momento. Vikileria Revive podr\u00e1 realizar en cualquier momento cambios o modificaciones en los productos. LAS IM\u00c1GENES PUBLICADAS SON MERAMENTE ILUSTRATIVAS, aunque siempre trataremos de que se ajusten lo m\u00e1s fielmente posible a la realidad.<\/p><p>4. DISPONIBILIDAD Y SUSTITUCIONES<\/p><p>PRODUCTOS<\/p><p>Vikileria Revive pretende garantizar la disponibilidad de todos los productos que est\u00e1n publicitados a trav\u00e9s de www.vikileriarevive.com. No obstante, en el caso de que cualquier producto solicitado no estuviera disponible o si el mismo se hubiera agotado, se le informar\u00e1 al cliente en un plazo de 24\/48 horas desde la realizaci\u00f3n del pedido. En caso de no tener el producto en stock a la hora de realizar el pedido, el usuario tendr\u00e1 la posibilidad de RESERVAR dicho producto para que se le proporcione en cuanto se encuentre disponible lo antes posible.<\/p><p>De no hallarse disponible el producto, y habiendo sido informado de ello el consumidor, Vikileria Revive podr\u00e1 suministrar un producto de similares caracter\u00edsticas, en cuyo caso, el consumidor podr\u00e1 aceptarlo o rechazarlo ejerciendo su derecho de desistimiento y resoluci\u00f3n del contrato.<\/p><p>En caso de indisponibilidad de la totalidad o parte del pedido, y el rechazo de los productos de sustituci\u00f3n por el cliente, el reembolso previamente abonado, se efectuar\u00e1 en el plazo de 15 d\u00edas naturales desde que el cliente solicite el reembolso.<\/p><p>Si Vikileria Revive se retrasara injustificadamente en la devoluci\u00f3n de las cantidades abonadas, el consumidor podr\u00e1 reclamar el doble de la cantidad adeudada.<\/p><p>5. PROCESO DE COMPRA Y\/O CONTRATACI\u00d3N<\/p><p>Para realizar cualquier compra en www.vikileriarevive.com, es necesario que el cliente sea mayor de edad.<\/p><p>Adem\u00e1s, ser\u00e1 preciso que el cliente se registre en www.vikileriarevive.com a trav\u00e9s de un formulario de recogida de datos en el que se proporcione a Vikileria Revive la informaci\u00f3n necesaria para la contrataci\u00f3n; datos que en cualquier caso ser\u00e1n veraces, exactos y completos sobre su identidad y que el cliente deber\u00e1 consentir expresamente mediante la aceptaci\u00f3n de la pol\u00edtica de privacidad de Vikileria Revive.<\/p><p>Asimismo, es recomendable que el cliente imprima y\/o guarde una copia en soporte duradero de las condiciones de venta al realizar su pedido, as\u00ed como tambi\u00e9n del comprobante de recepci\u00f3n enviado por Vikileria Revive por correo electr\u00f3nico.<\/p><p>FACTURACI\u00d3N<\/p><p>El cliente tiene la posibilidad de escoger la forma de recepci\u00f3n de las facturas correspondientes a las compras realizadas. Por defecto, las facturas ser\u00e1n enviadas en formato digital, que le ser\u00e1 remitida por correo electr\u00f3nico, pero si lo desea puede indicarnos que se la enviemos en formato papel por correo ordinario.<\/p><p>6. ENTREGA PRODUCTOS<\/p><p>Consulte las condiciones aqu\u00ed: Env\u00edos \u2013 Vikileria Revive<\/p><p>7. PRECIOS, GASTOS E IMPUESTOS<\/p><p>Consulte las condiciones aqu\u00ed: Env\u00edos \u2013 Vikileria Revive<\/p><p>8. FORMAS DE PAGO<\/p><p>Los datos tanto personales como bancarios ser\u00e1n protegidos con todas las medidas de seguridad establecidas por el Reglamento (UE) 2016\/679, del Parlamento Europeo y del Consejo, de 27 de abril de 2016, relativo a la protecci\u00f3n de las personas f\u00edsicas (RGPD) y la Ley Org\u00e1nica 3\/2018, de 6 de diciembre de Protecci\u00f3n de Datos Personales y Garant\u00eda de los Derechos Digitales.<\/p><p>Ponemos a su disposici\u00f3n estas formas de pago: Pagos \u2013 Vikileria Revive.<\/p><p>9. POL\u00cdTICA DE DEVOLUCIONES Y DESISTIMIENTO<\/p><p>Consulte las condiciones aqu\u00ed: Devoluciones \u2013 Vikileria Revive<\/p><p>10. GARANT\u00cdA<\/p><p>Los productos adquiridos a trav\u00e9s de www.vikileriarevive.com son fabricados por otras compa\u00f1\u00edas y gozan de un per\u00edodo de garant\u00eda que \u00e9stos ofrecen y que cubren los posibles defectos de fabricaci\u00f3n del producto, no siendo Vikileria Revive en ning\u00fan caso responsable de los fallos o desperfectos de los mismos ni del mal funcionamiento o la no adecuada utilizaci\u00f3n de cualquiera de los productos adquiridos a Vikileria Revive.<\/p><p>Para los casos de reclamaciones sobre presuntos defectos de fabricaci\u00f3n, suministro deficiente o falta de caracter\u00edsticas garantizadas, el CLIENTE deber\u00e1 ponerse en contacto de inmediato con Vikileria Revive para analizar cada caso en particular.<\/p><p>En general, en caso de presuntos defectos de fabricaci\u00f3n o falta de caracter\u00edsticas garantizadas, el CLIENTE se har\u00e1 cargo f\u00edsica y econ\u00f3micamente de hacer llegar el producto con el presunto desperfecto a Vikileria Revive, y siempre deber\u00e1 corresponder al producto enviado por Vikileria Revive adjuntando el albar\u00e1n de entrega y\/o factura.<\/p><p>En el caso de reclamaciones fundadas por defectos de fabricaci\u00f3n, suministro deficiente o falta de caracter\u00edsticas garantizadas, el fabricante subsanar\u00e1 dicho defecto mediante reparaci\u00f3n o sustituci\u00f3n gratuita, seg\u00fan su criterio y sus instrucciones, y se har\u00e1 cargo de los gastos de env\u00edo de vuelta al CLIENTE.<\/p><p>En el caso de reclamaciones no fundadas por defectos de fabricaci\u00f3n o falta de caracter\u00edsticas garantizadas, Vikileria Revive emitir\u00e1 un presupuesto de sustituci\u00f3n, seg\u00fan el criterio y las instrucciones del fabricante.<\/p><p>Se excluye expresamente cualquier tipo de compensaci\u00f3n econ\u00f3mica o natural por causa de un defecto durante el per\u00edodo de garant\u00eda.<\/p><p>Vikileria Revive no se responsabiliza de los da\u00f1os causados por la instalaci\u00f3n no profesional, productos modificados o manipulados por el cliente o por cualquier otra persona no autorizada por el fabricante; as\u00ed como por el uso inadecuado, la manipulaci\u00f3n y\/o corto circuitos, o signos aparentes de trato incorrecto.<\/p><p>En el caso de que el producto llegue a nuestras instalaciones con da\u00f1os achacables a un embalaje o protecci\u00f3n deficiente, la reparaci\u00f3n podr\u00eda no ser cubierta por la garant\u00eda.<\/p><p>Se excluyen de las garant\u00edas los productos consumibles, las deficiencias ocasionadas por uso o manipulaciones indebidas, conexi\u00f3n a la red el\u00e9ctrica diferente a la indicada, instalaci\u00f3n incorrecta o los defectos derivados de toda causa exterior.<\/p><p>Para conocer las gestiones que deben seguirse ante los problemas o las aver\u00edas en un producto pueden contactar:<\/p><p>Con el servicio de Atenci\u00f3n al cliente de Vikileria Revive a trav\u00e9s del presente sitio web.<br \/>Para evitar problemas con la aplicaci\u00f3n o el manejo del producto comprado, aseg\u00farese de haber seguido las instrucciones de uso y aplicaci\u00f3n contenidas en los manuales de usuario.<\/p><p>Si, aun as\u00ed, el producto adquirido tiene alguna reacci\u00f3n f\u00edsica sobre la salud del USURIO, este deber\u00e1 contactar de inmediato con los servicios m\u00e9dicos pertinentes y con el fabricante.<\/p><p>Habitualmente los fabricantes exigir\u00e1n que les facilite los siguientes datos:<\/p><p>N\u00famero de factura.<br \/>Identificaci\u00f3n del modelo concreto.<br \/>N\u00famero de serie.<br \/>La garant\u00eda es ofrecida por el proveedor o fabricante.<\/p><p>OBSERVACIONES<\/p><p>En algunos productos, la garant\u00eda puede ser superior a la legalmente establecida (Reglamento UR 2017\/745 sobre Productos Sanitarios), siendo esta opci\u00f3n \u00fanicamente responsabilidad del fabricante, para resaltar la calidad de los productos. La garant\u00eda no cubre los da\u00f1os causados por factores externos temperatura, uso anormal del producto, fuego, agua, ca\u00eddas accidentales o uso incorrecto por particulares o empresas no autorizadas por Vikileria Revive.<\/p><p>Igualmente, la garant\u00eda tampoco cubre el desgaste por horas o el uso indebido de horas, o aver\u00edas producidas por la incorrecta manipulaci\u00f3n o almacenaje del producto, antes o durante el uso, as\u00ed como defectos producidas por una incorrecta aplicaci\u00f3n o manipulaci\u00f3n y almacenaje.<\/p><p>Quedan exentas de cobertura de garant\u00eda las reclamaciones por p\u00e9rdida natural de luminosidad o degradaci\u00f3n de la misma.<\/p><p>Vikileria Revive se reserva el derecho a estudiar cada producto devuelto por especialistas independientes quedando la garant\u00eda exenta de demostrarse por las autoridades competentes que la rotura ha sido causada por el cliente o usuario, as\u00ed como la rotura parcial del producto para forzar el uso de la garant\u00eda para la devoluci\u00f3n o reintegro del producto. En caso de ser as\u00ed, los gastos para la demostraci\u00f3n de dicha pr\u00e1ctica correr\u00e1n por cuenta del cliente.<\/p><p>Vikileria Revive no est\u00e1 obligado a indemnizar al usuario o a terceros por las consecuencias del uso del producto, ya sean da\u00f1os directos o indirectos, accidentes sufridos por personas, da\u00f1os a los bienes ajenos al producto, p\u00e9rdidas de beneficio o lucro cesante.<\/p><p>11. RESPONSABILIDAD Y EXONERACI\u00d3N DE RESPONSABILIDAD<\/p><p>Queda expresamente excluido cualquier derecho de compensaci\u00f3n o indemnizaci\u00f3n, incluidos subsidiarios, por da\u00f1os causados por los productos que puedan ser objeto de un contrato de compra venta, salvo negligencia grave o incumplimiento de obligaciones legales por parte de Vikileria Revive o su personal.<\/p><p>12. ATENCI\u00d3N AL CLIENTE Y RECLAMACIONES<\/p><p>Para interponer cualquier queja o reclamaci\u00f3n ante Vikileria Revive el cliente deber\u00e1 dirigirse al departamento de atenci\u00f3n al cliente, bien en el n\u00famero de tel\u00e9fono +34 619 978 629, bien enviando un correo electr\u00f3nico a lera929@gmail.com o bien a trav\u00e9s del apartado Servicio de Atenci\u00f3n al Cliente \u2013 Contacta con nosotros del sitio web.<\/p><p>Seg\u00fan la Resoluci\u00f3n de litigios en l\u00ednea en materia de consumo de la UE y conforme al Art. 14.1 del Reglamento (UE) 524\/2013, le informamos que la Comisi\u00f3n Europea facilita a todos los consumidores una plataforma de resoluci\u00f3n de litigios en l\u00ednea que se encuentra disponible en el siguiente enlace: http:\/\/ec.europa.eu\/consumers\/odr\/.<\/p><p>13. LEGISLACI\u00d3N APLICABLE<\/p><p>Las condiciones presentes se regir\u00e1n por la legislaci\u00f3n espa\u00f1ola vigente. Las partes se someten, a su elecci\u00f3n, para la resoluci\u00f3n de los conflictos y con renuncia expresa a cualquier otro fuero, a los juzgados y tribunales de Madrid. La lengua utilizada ser\u00e1 el espa\u00f1ol.<\/p>\t\t\t\t\t\t\t\t<\/div>\n\t\t\t\t<\/div>\n\t\t\t\t\t<\/div>\n\t\t\t\t<\/div>\n\t\t\t\t<\/div>\n\t\t","protected":false},"excerpt":{"rendered":"<p>Qui\u00e9nes somosLa direcci\u00f3n de nuestra web es: https:\/\/vikileriarevive.com\/ Condiciones Generales de venta Tienda Vikileria Revive 0. OBJETO Las presentes Condiciones Generales regulan la adquisici\u00f3n de los productos ofertados en el sitio web vikileriarevive.com, del que es titular VALERIA ORLOVA (en adelante, Vikileria Revive). La adquisici\u00f3n de cualquiera de los productos conlleva la aceptaci\u00f3n plena y [&hellip;]<\/p>\n","protected":false},"author":1,"featured_media":0,"parent":0,"menu_order":0,"comment_status":"closed","ping_status":"closed","template":"","meta":{"footnotes":""},"class_list":["post-7046","page","type-page","status-publish","hentry"],"yoast_head":"<!-- This site is optimized with the Yoast SEO plugin v27.5 - https:\/\/yoast.com\/product\/yoast-seo-wordpress\/ -->\n<title>T\u00e9rminos y Condiciones - Vikileria Revive - Sewing Club<\/title>\n<meta name=\"robots\" content=\"index, follow, max-snippet:-1, max-image-preview:large, max-video-preview:-1\" \/>\n<link rel=\"canonical\" href=\"https:\/\/vikileriarevive.com\/en\/terminos-y-condiciones\/\" \/>\n<meta property=\"og:locale\" content=\"en_US\" \/>\n<meta property=\"og:type\" content=\"article\" \/>\n<meta property=\"og:title\" content=\"T\u00e9rminos y Condiciones - Vikileria Revive - Sewing Club\" \/>\n<meta property=\"og:description\" content=\"Qui\u00e9nes somosLa direcci\u00f3n de nuestra web es: https:\/\/vikileriarevive.com\/ Condiciones Generales de venta Tienda Vikileria Revive 0. OBJETO Las presentes Condiciones Generales regulan la adquisici\u00f3n de los productos ofertados en el sitio web vikileriarevive.com, del que es titular VALERIA ORLOVA (en adelante, Vikileria Revive). La adquisici\u00f3n de cualquiera de los productos conlleva la aceptaci\u00f3n plena y [&hellip;]\" \/>\n<meta property=\"og:url\" content=\"https:\/\/vikileriarevive.com\/en\/terminos-y-condiciones\/\" \/>\n<meta property=\"og:site_name\" content=\"Vikileria Revive - Sewing Club\" \/>\n<meta property=\"article:publisher\" content=\"https:\/\/www.facebook.com\/Vikileria\/?show_switched_toast=0&amp;show_invite_to_follow=0&amp;show_switched_tooltip=0&amp;show_podcast_settings=0&amp;show_community_review_changes=0&amp;show_community_rollback=0&amp;show_follower_visibility_disclosure=0\" \/>\n<meta property=\"og:image\" content=\"https:\/\/vikileriarevive.com\/wp-content\/uploads\/2023\/03\/Comunion-Nico-espaldas.jpg\" \/>\n\t<meta property=\"og:image:width\" content=\"1600\" \/>\n\t<meta property=\"og:image:height\" content=\"1067\" \/>\n\t<meta property=\"og:image:type\" content=\"image\/jpeg\" \/>\n<meta name=\"twitter:card\" content=\"summary_large_image\" \/>\n<meta name=\"twitter:label1\" content=\"Est. reading time\" \/>\n\t<meta name=\"twitter:data1\" content=\"11 minutes\" \/>\n<script type=\"application\/ld+json\" class=\"yoast-schema-graph\">{\"@context\":\"https:\\\/\\\/schema.org\",\"@graph\":[{\"@type\":\"WebPage\",\"@id\":\"https:\\\/\\\/vikileriarevive.com\\\/en\\\/terminos-y-condiciones\\\/\",\"url\":\"https:\\\/\\\/vikileriarevive.com\\\/en\\\/terminos-y-condiciones\\\/\",\"name\":\"T\u00e9rminos y Condiciones - Vikileria Revive - Sewing Club\",\"isPartOf\":{\"@id\":\"https:\\\/\\\/vikileriarevive.com\\\/en\\\/#website\"},\"datePublished\":\"2025-09-16T11:38:53+00:00\",\"breadcrumb\":{\"@id\":\"https:\\\/\\\/vikileriarevive.com\\\/en\\\/terminos-y-condiciones\\\/#breadcrumb\"},\"inLanguage\":\"en-US\",\"potentialAction\":[{\"@type\":\"ReadAction\",\"target\":[\"https:\\\/\\\/vikileriarevive.com\\\/en\\\/terminos-y-condiciones\\\/\"]}]},{\"@type\":\"BreadcrumbList\",\"@id\":\"https:\\\/\\\/vikileriarevive.com\\\/en\\\/terminos-y-condiciones\\\/#breadcrumb\",\"itemListElement\":[{\"@type\":\"ListItem\",\"position\":1,\"name\":\"Portada\",\"item\":\"https:\\\/\\\/vikileriarevive.com\\\/en\\\/\"},{\"@type\":\"ListItem\",\"position\":2,\"name\":\"T\u00e9rminos y Condiciones\"}]},{\"@type\":\"WebSite\",\"@id\":\"https:\\\/\\\/vikileriarevive.com\\\/en\\\/#website\",\"url\":\"https:\\\/\\\/vikileriarevive.com\\\/en\\\/\",\"name\":\"Vikileria Revive - Sewing Club\",\"description\":\"Transformaci\u00f3n &amp; Redise\u00f1o Creativo de Ropa en Madrid\",\"publisher\":{\"@id\":\"https:\\\/\\\/vikileriarevive.com\\\/en\\\/#\\\/schema\\\/person\\\/c0495cbfe4882f94379ee932b11281a0\"},\"potentialAction\":[{\"@type\":\"SearchAction\",\"target\":{\"@type\":\"EntryPoint\",\"urlTemplate\":\"https:\\\/\\\/vikileriarevive.com\\\/en\\\/?s={search_term_string}\"},\"query-input\":{\"@type\":\"PropertyValueSpecification\",\"valueRequired\":true,\"valueName\":\"search_term_string\"}}],\"inLanguage\":\"en-US\"},{\"@type\":[\"Person\",\"Organization\"],\"@id\":\"https:\\\/\\\/vikileriarevive.com\\\/en\\\/#\\\/schema\\\/person\\\/c0495cbfe4882f94379ee932b11281a0\",\"name\":\"Valeria Orlova\",\"image\":{\"@type\":\"ImageObject\",\"inLanguage\":\"en-US\",\"@id\":\"https:\\\/\\\/vikileriarevive.com\\\/wp-content\\\/uploads\\\/2025\\\/01\\\/cropped-Logo-Transparente.png\",\"url\":\"https:\\\/\\\/vikileriarevive.com\\\/wp-content\\\/uploads\\\/2025\\\/01\\\/cropped-Logo-Transparente.png\",\"contentUrl\":\"https:\\\/\\\/vikileriarevive.com\\\/wp-content\\\/uploads\\\/2025\\\/01\\\/cropped-Logo-Transparente.png\",\"width\":274,\"height\":219,\"caption\":\"Valeria Orlova\"},\"logo\":{\"@id\":\"https:\\\/\\\/vikileriarevive.com\\\/wp-content\\\/uploads\\\/2025\\\/01\\\/cropped-Logo-Transparente.png\"},\"sameAs\":[\"https:\\\/\\\/vikileriarevive.com\",\"https:\\\/\\\/www.facebook.com\\\/Vikileria\\\/?show_switched_toast=0&show_invite_to_follow=0&show_switched_tooltip=0&show_podcast_settings=0&show_community_review_changes=0&show_community_rollback=0&show_follower_visibility_disclosure=0\",\"https:\\\/\\\/www.instagram.com\\\/vikileria_revive\\\/\",\"https:\\\/\\\/www.linkedin.com\\\/in\\\/valeria-orlova-55353a77\\\/\"]}]}<\/script>\n<!-- \/ Yoast SEO plugin. -->","yoast_head_json":{"title":"T\u00e9rminos y Condiciones - Vikileria Revive - Sewing Club","robots":{"index":"index","follow":"follow","max-snippet":"max-snippet:-1","max-image-preview":"max-image-preview:large","max-video-preview":"max-video-preview:-1"},"canonical":"https:\/\/vikileriarevive.com\/en\/terminos-y-condiciones\/","og_locale":"en_US","og_type":"article","og_title":"T\u00e9rminos y Condiciones - Vikileria Revive - Sewing Club","og_description":"Qui\u00e9nes somosLa direcci\u00f3n de nuestra web es: https:\/\/vikileriarevive.com\/ Condiciones Generales de venta Tienda Vikileria Revive 0. OBJETO Las presentes Condiciones Generales regulan la adquisici\u00f3n de los productos ofertados en el sitio web vikileriarevive.com, del que es titular VALERIA ORLOVA (en adelante, Vikileria Revive). La adquisici\u00f3n de cualquiera de los productos conlleva la aceptaci\u00f3n plena y [&hellip;]","og_url":"https:\/\/vikileriarevive.com\/en\/terminos-y-condiciones\/","og_site_name":"Vikileria Revive - Sewing Club","article_publisher":"https:\/\/www.facebook.com\/Vikileria\/?show_switched_toast=0&show_invite_to_follow=0&show_switched_tooltip=0&show_podcast_settings=0&show_community_review_changes=0&show_community_rollback=0&show_follower_visibility_disclosure=0","og_image":[{"width":1600,"height":1067,"url":"https:\/\/vikileriarevive.com\/wp-content\/uploads\/2023\/03\/Comunion-Nico-espaldas.jpg","type":"image\/jpeg"}],"twitter_card":"summary_large_image","twitter_misc":{"Est. reading time":"11 minutes"},"schema":{"@context":"https:\/\/schema.org","@graph":[{"@type":"WebPage","@id":"https:\/\/vikileriarevive.com\/en\/terminos-y-condiciones\/","url":"https:\/\/vikileriarevive.com\/en\/terminos-y-condiciones\/","name":"T\u00e9rminos y Condiciones - Vikileria Revive - Sewing Club","isPartOf":{"@id":"https:\/\/vikileriarevive.com\/en\/#website"},"datePublished":"2025-09-16T11:38:53+00:00","breadcrumb":{"@id":"https:\/\/vikileriarevive.com\/en\/terminos-y-condiciones\/#breadcrumb"},"inLanguage":"en-US","potentialAction":[{"@type":"ReadAction","target":["https:\/\/vikileriarevive.com\/en\/terminos-y-condiciones\/"]}]},{"@type":"BreadcrumbList","@id":"https:\/\/vikileriarevive.com\/en\/terminos-y-condiciones\/#breadcrumb","itemListElement":[{"@type":"ListItem","position":1,"name":"Portada","item":"https:\/\/vikileriarevive.com\/en\/"},{"@type":"ListItem","position":2,"name":"T\u00e9rminos y Condiciones"}]},{"@type":"WebSite","@id":"https:\/\/vikileriarevive.com\/en\/#website","url":"https:\/\/vikileriarevive.com\/en\/","name":"Vikileria Revive - Sewing Club","description":"Transformaci\u00f3n &amp; Redise\u00f1o Creativo de Ropa en Madrid","publisher":{"@id":"https:\/\/vikileriarevive.com\/en\/#\/schema\/person\/c0495cbfe4882f94379ee932b11281a0"},"potentialAction":[{"@type":"SearchAction","target":{"@type":"EntryPoint","urlTemplate":"https:\/\/vikileriarevive.com\/en\/?s={search_term_string}"},"query-input":{"@type":"PropertyValueSpecification","valueRequired":true,"valueName":"search_term_string"}}],"inLanguage":"en-US"},{"@type":["Person","Organization"],"@id":"https:\/\/vikileriarevive.com\/en\/#\/schema\/person\/c0495cbfe4882f94379ee932b11281a0","name":"Valeria Orlova","image":{"@type":"ImageObject","inLanguage":"en-US","@id":"https:\/\/vikileriarevive.com\/wp-content\/uploads\/2025\/01\/cropped-Logo-Transparente.png","url":"https:\/\/vikileriarevive.com\/wp-content\/uploads\/2025\/01\/cropped-Logo-Transparente.png","contentUrl":"https:\/\/vikileriarevive.com\/wp-content\/uploads\/2025\/01\/cropped-Logo-Transparente.png","width":274,"height":219,"caption":"Valeria Orlova"},"logo":{"@id":"https:\/\/vikileriarevive.com\/wp-content\/uploads\/2025\/01\/cropped-Logo-Transparente.png"},"sameAs":["https:\/\/vikileriarevive.com","https:\/\/www.facebook.com\/Vikileria\/?show_switched_toast=0&show_invite_to_follow=0&show_switched_tooltip=0&show_podcast_settings=0&show_community_review_changes=0&show_community_rollback=0&show_follower_visibility_disclosure=0","https:\/\/www.instagram.com\/vikileria_revive\/","https:\/\/www.linkedin.com\/in\/valeria-orlova-55353a77\/"]}]}},"jetpack_sharing_enabled":true,"amp_enabled":false,"_links":{"self":[{"href":"https:\/\/vikileriarevive.com\/en\/wp-json\/wp\/v2\/pages\/7046","targetHints":{"allow":["GET"]}}],"collection":[{"href":"https:\/\/vikileriarevive.com\/en\/wp-json\/wp\/v2\/pages"}],"about":[{"href":"https:\/\/vikileriarevive.com\/en\/wp-json\/wp\/v2\/types\/page"}],"author":[{"embeddable":true,"href":"https:\/\/vikileriarevive.com\/en\/wp-json\/wp\/v2\/users\/1"}],"replies":[{"embeddable":true,"href":"https:\/\/vikileriarevive.com\/en\/wp-json\/wp\/v2\/comments?post=7046"}],"version-history":[{"count":0,"href":"https:\/\/vikileriarevive.com\/en\/wp-json\/wp\/v2\/pages\/7046\/revisions"}],"wp:attachment":[{"href":"https:\/\/vikileriarevive.com\/en\/wp-json\/wp\/v2\/media?parent=7046"}],"curies":[{"name":"wp","href":"https:\/\/api.w.org\/{rel}","templated":true}]}}