{"id":7044,"date":"2025-09-16T14:00:15","date_gmt":"2025-09-16T12:00:15","guid":{"rendered":"https:\/\/vikileriarevive.com\/envios-y-devoluciones\/"},"modified":"2026-01-12T12:30:46","modified_gmt":"2026-01-12T11:30:46","slug":"envios-y-devoluciones","status":"publish","type":"page","link":"https:\/\/vikileriarevive.com\/en\/envios-y-devoluciones\/","title":{"rendered":"Shipping and Returns"},"content":{"rendered":"\t\t<div data-elementor-type=\"wp-page\" data-elementor-id=\"7044\" class=\"elementor elementor-7044 elementor-6123\" data-elementor-post-type=\"page\">\n\t\t\t\t<div class=\"elementor-element elementor-element-e6259c2 e-flex e-con-boxed e-con e-parent\" data-id=\"e6259c2\" data-element_type=\"container\" data-e-type=\"container\">\n\t\t\t\t\t<div class=\"e-con-inner\">\n\t\t\t\t<div class=\"elementor-element elementor-element-cd9a1a6 elementor-widget elementor-widget-text-editor\" data-id=\"cd9a1a6\" data-element_type=\"widget\" data-e-type=\"widget\" data-widget_type=\"text-editor.default\">\n\t\t\t\t<div class=\"elementor-widget-container\">\n\t\t\t\t\t\t\t\t\t<h3>Compras y Env\u00edos<\/h3><h4>Productos comprados en la tienda Vikileria Revivie<\/h4><p>Todos los productos comprados en nuestra tienda oficial del Vikileria Revivie cumplen con los certificados, protocolos, deberes y obligaciones de calidad y garant\u00edas del fabricante. Las marcas propietarias de la fabricaci\u00f3n de los productos avalan sus m\u00e9todos de uso, eficiencia y eficacia. Desde el Vikileria Revive validamos nuestra confianza en los productos y marcas disponibles en nuestra tienda online y nos aseguramos de que cumplan con los certificados, protocolos, deberes y obligaciones de calidad para la venta en nuestra tienda online.   <\/p><h4>Formas y plazos de env\u00edo<\/h4><p>Los productos comprados desde nuestra tienda oficial de Vikileria Revive tienen plazos de env\u00edo est\u00e1ndar en Espa\u00f1a y cumplen con los certificados, protocolos, deberes y obligaciones de calidad de los proveedores de paqueter\u00eda en los que confiamos. El seguimiento de pedidos puede realizarse desde la plataforma de cualquiera de los proveedores de paqueter\u00eda con los que trabajamos.  <\/p>\t\t\t\t\t\t\t\t<\/div>\n\t\t\t\t<\/div>\n\t\t\t\t<div class=\"elementor-element elementor-element-e9af516 elementor-widget elementor-widget-text-editor\" data-id=\"e9af516\" data-element_type=\"widget\" data-e-type=\"widget\" data-widget_type=\"text-editor.default\">\n\t\t\t\t<div class=\"elementor-widget-container\">\n\t\t\t\t\t\t\t\t\t<h3>Devoluciones y Cambios<\/h3><h4>Devuelve tus productos c\u00f3modamente<\/h4><p>Si al recibir tu pedido alguno de los productos no es lo que necesitas o tiene evidencias de alg\u00fan defecto podr\u00e1s devolverlo en un plazo de 15 d\u00edas naturales. Ten en cuenta que los productos abiertos y utilizados no admiten devoluci\u00f3n, excepto en casos de contar con defectos evidentes. <\/p><p>Estos son los pasos y requisitos que se deben cumplir:<\/p><p>Av\u00edsanos por email a lera929@gmail.com del producto a devolver, indicando el n\u00famero de pedido y el motivo de la devoluci\u00f3n. El coste del env\u00edo de vuelta corre a cargo del cliente pero no te preocupes, estamos seguros que no tendr\u00e1s que devolver nada porque nos aseguraremos de que lo que compres sea exactamente lo que necesitas y est\u00e9 en perfecto estado. Es imprescindible que tanto el producto como su embalaje est\u00e9n en perfectas condiciones para admitir la devoluci\u00f3n. Una vez recibamos el material y sea revisado te avisaremos para realizar la devoluci\u00f3n del importe o cambiarte el producto por otro si as\u00ed lo deseas.   <\/p><p>Cambia tus productos si lo necesitas<br>Los cambios de productos siguen los mismos pasos iniciales que que las devoluciones. Una vez devuelto el producto que nos indiques, te lo cambiaremos por otro y solo deber\u00e1s finalizar el proceso abonando o recibiendo el reintegro de la diferencia de precio entre ambos productos. Es imprescindible que tanto el producto como su embalaje est\u00e9n en perfectas condiciones para admitir el cambio. Una vez recibamos el material y sea revisado te confirmaremos el cambio por otro producto si as\u00ed lo deseas.   <\/p>\t\t\t\t\t\t\t\t<\/div>\n\t\t\t\t<\/div>\n\t\t\t\t\t<\/div>\n\t\t\t\t<\/div>\n\t\t\t\t<\/div>\n\t\t","protected":false},"excerpt":{"rendered":"<p>Compras y Env\u00edos Productos comprados en la tienda Vikileria Revivie Todos los productos comprados en nuestra tienda oficial del Vikileria Revivie cumplen con los certificados, protocolos, deberes y obligaciones de calidad y garant\u00edas del fabricante. Las marcas propietarias de la fabricaci\u00f3n de los productos avalan sus m\u00e9todos de uso, eficiencia y eficacia. Desde el Vikileria [&hellip;]<\/p>\n","protected":false},"author":1,"featured_media":0,"parent":0,"menu_order":0,"comment_status":"closed","ping_status":"closed","template":"","meta":{"footnotes":""},"class_list":["post-7044","page","type-page","status-publish","hentry"],"yoast_head":"<!-- This site is optimized with the Yoast SEO plugin v27.5 - https:\/\/yoast.com\/product\/yoast-seo-wordpress\/ -->\n<title>Shipping and Returns - Vikileria Revive - Sewing Club<\/title>\n<meta name=\"robots\" content=\"index, follow, max-snippet:-1, max-image-preview:large, max-video-preview:-1\" \/>\n<link rel=\"canonical\" href=\"https:\/\/vikileriarevive.com\/en\/envios-y-devoluciones\/\" \/>\n<meta property=\"og:locale\" content=\"en_US\" \/>\n<meta property=\"og:type\" content=\"article\" \/>\n<meta property=\"og:title\" content=\"Shipping and Returns - Vikileria Revive - Sewing Club\" \/>\n<meta property=\"og:description\" content=\"Compras y Env\u00edos Productos comprados en la tienda Vikileria Revivie Todos los productos comprados en nuestra tienda oficial del Vikileria Revivie cumplen con los certificados, protocolos, deberes y obligaciones de calidad y garant\u00edas del fabricante. Las marcas propietarias de la fabricaci\u00f3n de los productos avalan sus m\u00e9todos de uso, eficiencia y eficacia. Desde el Vikileria [&hellip;]\" \/>\n<meta property=\"og:url\" content=\"https:\/\/vikileriarevive.com\/en\/envios-y-devoluciones\/\" \/>\n<meta property=\"og:site_name\" content=\"Vikileria Revive - Sewing Club\" \/>\n<meta property=\"article:publisher\" content=\"https:\/\/www.facebook.com\/Vikileria\/?show_switched_toast=0&amp;show_invite_to_follow=0&amp;show_switched_tooltip=0&amp;show_podcast_settings=0&amp;show_community_review_changes=0&amp;show_community_rollback=0&amp;show_follower_visibility_disclosure=0\" \/>\n<meta property=\"article:modified_time\" content=\"2026-01-12T11:30:46+00:00\" \/>\n<meta property=\"og:image\" content=\"https:\/\/vikileriarevive.com\/wp-content\/uploads\/2023\/03\/Comunion-Nico-espaldas.jpg\" \/>\n\t<meta property=\"og:image:width\" content=\"1600\" \/>\n\t<meta property=\"og:image:height\" content=\"1067\" \/>\n\t<meta property=\"og:image:type\" content=\"image\/jpeg\" \/>\n<meta name=\"twitter:card\" content=\"summary_large_image\" \/>\n<meta name=\"twitter:label1\" content=\"Est. reading time\" \/>\n\t<meta name=\"twitter:data1\" content=\"2 minutes\" \/>\n<script type=\"application\/ld+json\" class=\"yoast-schema-graph\">{\"@context\":\"https:\\\/\\\/schema.org\",\"@graph\":[{\"@type\":\"WebPage\",\"@id\":\"https:\\\/\\\/vikileriarevive.com\\\/en\\\/envios-y-devoluciones\\\/\",\"url\":\"https:\\\/\\\/vikileriarevive.com\\\/en\\\/envios-y-devoluciones\\\/\",\"name\":\"Shipping and Returns - Vikileria Revive - Sewing Club\",\"isPartOf\":{\"@id\":\"https:\\\/\\\/vikileriarevive.com\\\/en\\\/#website\"},\"datePublished\":\"2025-09-16T12:00:15+00:00\",\"dateModified\":\"2026-01-12T11:30:46+00:00\",\"breadcrumb\":{\"@id\":\"https:\\\/\\\/vikileriarevive.com\\\/en\\\/envios-y-devoluciones\\\/#breadcrumb\"},\"inLanguage\":\"en-US\",\"potentialAction\":[{\"@type\":\"ReadAction\",\"target\":[\"https:\\\/\\\/vikileriarevive.com\\\/en\\\/envios-y-devoluciones\\\/\"]}]},{\"@type\":\"BreadcrumbList\",\"@id\":\"https:\\\/\\\/vikileriarevive.com\\\/en\\\/envios-y-devoluciones\\\/#breadcrumb\",\"itemListElement\":[{\"@type\":\"ListItem\",\"position\":1,\"name\":\"Portada\",\"item\":\"https:\\\/\\\/vikileriarevive.com\\\/en\\\/\"},{\"@type\":\"ListItem\",\"position\":2,\"name\":\"Shipping and Returns\"}]},{\"@type\":\"WebSite\",\"@id\":\"https:\\\/\\\/vikileriarevive.com\\\/en\\\/#website\",\"url\":\"https:\\\/\\\/vikileriarevive.com\\\/en\\\/\",\"name\":\"Vikileria Revive - Sewing Club\",\"description\":\"Transformaci\u00f3n &amp; Redise\u00f1o Creativo de Ropa en Madrid\",\"publisher\":{\"@id\":\"https:\\\/\\\/vikileriarevive.com\\\/en\\\/#\\\/schema\\\/person\\\/c0495cbfe4882f94379ee932b11281a0\"},\"potentialAction\":[{\"@type\":\"SearchAction\",\"target\":{\"@type\":\"EntryPoint\",\"urlTemplate\":\"https:\\\/\\\/vikileriarevive.com\\\/en\\\/?s={search_term_string}\"},\"query-input\":{\"@type\":\"PropertyValueSpecification\",\"valueRequired\":true,\"valueName\":\"search_term_string\"}}],\"inLanguage\":\"en-US\"},{\"@type\":[\"Person\",\"Organization\"],\"@id\":\"https:\\\/\\\/vikileriarevive.com\\\/en\\\/#\\\/schema\\\/person\\\/c0495cbfe4882f94379ee932b11281a0\",\"name\":\"Valeria Orlova\",\"image\":{\"@type\":\"ImageObject\",\"inLanguage\":\"en-US\",\"@id\":\"https:\\\/\\\/vikileriarevive.com\\\/wp-content\\\/uploads\\\/2025\\\/01\\\/cropped-Logo-Transparente.png\",\"url\":\"https:\\\/\\\/vikileriarevive.com\\\/wp-content\\\/uploads\\\/2025\\\/01\\\/cropped-Logo-Transparente.png\",\"contentUrl\":\"https:\\\/\\\/vikileriarevive.com\\\/wp-content\\\/uploads\\\/2025\\\/01\\\/cropped-Logo-Transparente.png\",\"width\":274,\"height\":219,\"caption\":\"Valeria Orlova\"},\"logo\":{\"@id\":\"https:\\\/\\\/vikileriarevive.com\\\/wp-content\\\/uploads\\\/2025\\\/01\\\/cropped-Logo-Transparente.png\"},\"sameAs\":[\"https:\\\/\\\/vikileriarevive.com\",\"https:\\\/\\\/www.facebook.com\\\/Vikileria\\\/?show_switched_toast=0&show_invite_to_follow=0&show_switched_tooltip=0&show_podcast_settings=0&show_community_review_changes=0&show_community_rollback=0&show_follower_visibility_disclosure=0\",\"https:\\\/\\\/www.instagram.com\\\/vikileria_revive\\\/\",\"https:\\\/\\\/www.linkedin.com\\\/in\\\/valeria-orlova-55353a77\\\/\"]}]}<\/script>\n<!-- \/ Yoast SEO plugin. -->","yoast_head_json":{"title":"Shipping and Returns - Vikileria Revive - Sewing Club","robots":{"index":"index","follow":"follow","max-snippet":"max-snippet:-1","max-image-preview":"max-image-preview:large","max-video-preview":"max-video-preview:-1"},"canonical":"https:\/\/vikileriarevive.com\/en\/envios-y-devoluciones\/","og_locale":"en_US","og_type":"article","og_title":"Shipping and Returns - Vikileria Revive - Sewing Club","og_description":"Compras y Env\u00edos Productos comprados en la tienda Vikileria Revivie Todos los productos comprados en nuestra tienda oficial del Vikileria Revivie cumplen con los certificados, protocolos, deberes y obligaciones de calidad y garant\u00edas del fabricante. Las marcas propietarias de la fabricaci\u00f3n de los productos avalan sus m\u00e9todos de uso, eficiencia y eficacia. Desde el Vikileria [&hellip;]","og_url":"https:\/\/vikileriarevive.com\/en\/envios-y-devoluciones\/","og_site_name":"Vikileria Revive - Sewing Club","article_publisher":"https:\/\/www.facebook.com\/Vikileria\/?show_switched_toast=0&show_invite_to_follow=0&show_switched_tooltip=0&show_podcast_settings=0&show_community_review_changes=0&show_community_rollback=0&show_follower_visibility_disclosure=0","article_modified_time":"2026-01-12T11:30:46+00:00","og_image":[{"width":1600,"height":1067,"url":"https:\/\/vikileriarevive.com\/wp-content\/uploads\/2023\/03\/Comunion-Nico-espaldas.jpg","type":"image\/jpeg"}],"twitter_card":"summary_large_image","twitter_misc":{"Est. reading time":"2 minutes"},"schema":{"@context":"https:\/\/schema.org","@graph":[{"@type":"WebPage","@id":"https:\/\/vikileriarevive.com\/en\/envios-y-devoluciones\/","url":"https:\/\/vikileriarevive.com\/en\/envios-y-devoluciones\/","name":"Shipping and Returns - Vikileria Revive - Sewing Club","isPartOf":{"@id":"https:\/\/vikileriarevive.com\/en\/#website"},"datePublished":"2025-09-16T12:00:15+00:00","dateModified":"2026-01-12T11:30:46+00:00","breadcrumb":{"@id":"https:\/\/vikileriarevive.com\/en\/envios-y-devoluciones\/#breadcrumb"},"inLanguage":"en-US","potentialAction":[{"@type":"ReadAction","target":["https:\/\/vikileriarevive.com\/en\/envios-y-devoluciones\/"]}]},{"@type":"BreadcrumbList","@id":"https:\/\/vikileriarevive.com\/en\/envios-y-devoluciones\/#breadcrumb","itemListElement":[{"@type":"ListItem","position":1,"name":"Portada","item":"https:\/\/vikileriarevive.com\/en\/"},{"@type":"ListItem","position":2,"name":"Shipping and Returns"}]},{"@type":"WebSite","@id":"https:\/\/vikileriarevive.com\/en\/#website","url":"https:\/\/vikileriarevive.com\/en\/","name":"Vikileria Revive - Sewing Club","description":"Transformaci\u00f3n &amp; Redise\u00f1o Creativo de Ropa en Madrid","publisher":{"@id":"https:\/\/vikileriarevive.com\/en\/#\/schema\/person\/c0495cbfe4882f94379ee932b11281a0"},"potentialAction":[{"@type":"SearchAction","target":{"@type":"EntryPoint","urlTemplate":"https:\/\/vikileriarevive.com\/en\/?s={search_term_string}"},"query-input":{"@type":"PropertyValueSpecification","valueRequired":true,"valueName":"search_term_string"}}],"inLanguage":"en-US"},{"@type":["Person","Organization"],"@id":"https:\/\/vikileriarevive.com\/en\/#\/schema\/person\/c0495cbfe4882f94379ee932b11281a0","name":"Valeria Orlova","image":{"@type":"ImageObject","inLanguage":"en-US","@id":"https:\/\/vikileriarevive.com\/wp-content\/uploads\/2025\/01\/cropped-Logo-Transparente.png","url":"https:\/\/vikileriarevive.com\/wp-content\/uploads\/2025\/01\/cropped-Logo-Transparente.png","contentUrl":"https:\/\/vikileriarevive.com\/wp-content\/uploads\/2025\/01\/cropped-Logo-Transparente.png","width":274,"height":219,"caption":"Valeria Orlova"},"logo":{"@id":"https:\/\/vikileriarevive.com\/wp-content\/uploads\/2025\/01\/cropped-Logo-Transparente.png"},"sameAs":["https:\/\/vikileriarevive.com","https:\/\/www.facebook.com\/Vikileria\/?show_switched_toast=0&show_invite_to_follow=0&show_switched_tooltip=0&show_podcast_settings=0&show_community_review_changes=0&show_community_rollback=0&show_follower_visibility_disclosure=0","https:\/\/www.instagram.com\/vikileria_revive\/","https:\/\/www.linkedin.com\/in\/valeria-orlova-55353a77\/"]}]}},"jetpack_sharing_enabled":true,"amp_enabled":false,"_links":{"self":[{"href":"https:\/\/vikileriarevive.com\/en\/wp-json\/wp\/v2\/pages\/7044","targetHints":{"allow":["GET"]}}],"collection":[{"href":"https:\/\/vikileriarevive.com\/en\/wp-json\/wp\/v2\/pages"}],"about":[{"href":"https:\/\/vikileriarevive.com\/en\/wp-json\/wp\/v2\/types\/page"}],"author":[{"embeddable":true,"href":"https:\/\/vikileriarevive.com\/en\/wp-json\/wp\/v2\/users\/1"}],"replies":[{"embeddable":true,"href":"https:\/\/vikileriarevive.com\/en\/wp-json\/wp\/v2\/comments?post=7044"}],"version-history":[{"count":2,"href":"https:\/\/vikileriarevive.com\/en\/wp-json\/wp\/v2\/pages\/7044\/revisions"}],"predecessor-version":[{"id":7051,"href":"https:\/\/vikileriarevive.com\/en\/wp-json\/wp\/v2\/pages\/7044\/revisions\/7051"}],"wp:attachment":[{"href":"https:\/\/vikileriarevive.com\/en\/wp-json\/wp\/v2\/media?parent=7044"}],"curies":[{"name":"wp","href":"https:\/\/api.w.org\/{rel}","templated":true}]}}